
{"id":5,"date":"2010-09-25T00:55:17","date_gmt":"2010-09-25T00:55:17","guid":{"rendered":"http:\/\/www.cogis2020.eval-expert.com\/?page_id=5"},"modified":"2022-02-08T18:11:28","modified_gmt":"2022-02-08T17:11:28","slug":"contact","status":"publish","type":"page","link":"https:\/\/www.cogis2020.eval-expert.com\/?page_id=5","title":{"rendered":"Contact"},"content":{"rendered":"[vc_row][vc_column][vc_column_text]\n<h3 style=\"margin-bottom: 30px;\">Contactez-nous !<\/h3>\n<div class=\"custom-frame-wrapper alignright\"><div class=\"custom-frame-inner-wrapper\"><div class=\"custom-frame-padding\"><a href=\"http:\/\/www.cogis2020.eval-expert.com\/wp-content\/uploads\/2022\/02\/hotline.png\" rel=\"wp-prettyPhoto[5]\"><img fetchpriority=\"high\" decoding=\"async\" class=\"alignnone size-medium wp-image-5555\" src=\"http:\/\/www.cogis2020.eval-expert.com\/wp-content\/uploads\/2022\/02\/hotline-300x215.png\" alt=\"\" width=\"300\" height=\"215\" srcset=\"https:\/\/www.cogis2020.eval-expert.com\/wp-content\/uploads\/2022\/02\/hotline-300x215.png 300w, https:\/\/www.cogis2020.eval-expert.com\/wp-content\/uploads\/2022\/02\/hotline-1024x735.png 1024w, https:\/\/www.cogis2020.eval-expert.com\/wp-content\/uploads\/2022\/02\/hotline-768x551.png 768w, https:\/\/www.cogis2020.eval-expert.com\/wp-content\/uploads\/2022\/02\/hotline.png 1437w\" sizes=\"(max-width: 300px) 100vw, 300px\" \/><\/a><\/div><\/div><\/div>Nous sommes \u00e0 votre disposition pour r\u00e9pondre \u00e0 toutes vos questions sur nos logiciels ou nos prestations.<\/p>\n<p>Pour ce faire, vous pouvez joindre le service commercial de Cogis, par t\u00e9l\u00e9phone ou email, ou bien encore le service consulting et support hotline de Cogis, aux num\u00e9ros indiqu\u00e9s ci-apr\u00e8s.<\/p>\n<p>&nbsp;[\/vc_column_text][\/vc_column][\/vc_row]\n","protected":false},"excerpt":{"rendered":"<p>[vc_row][vc_column][vc_column_text] Contactez-nous ! Nous sommes \u00e0 votre disposition pour r\u00e9pondre \u00e0 toutes vos questions sur nos logiciels ou nos prestations. Pour ce faire, vous pouvez joindre le service commercial de Cogis, par t\u00e9l\u00e9phone ou email, ou bien encore le service consulting et support hotline de Cogis, aux<\/p>\n","protected":false},"author":7,"featured_media":0,"parent":0,"menu_order":0,"comment_status":"closed","ping_status":"closed","template":"page-Contact.php","meta":{"footnotes":""},"class_list":["post-5","page","type-page","status-publish","hentry"],"_links":{"self":[{"href":"https:\/\/www.cogis2020.eval-expert.com\/index.php?rest_route=\/wp\/v2\/pages\/5"}],"collection":[{"href":"https:\/\/www.cogis2020.eval-expert.com\/index.php?rest_route=\/wp\/v2\/pages"}],"about":[{"href":"https:\/\/www.cogis2020.eval-expert.com\/index.php?rest_route=\/wp\/v2\/types\/page"}],"author":[{"embeddable":true,"href":"https:\/\/www.cogis2020.eval-expert.com\/index.php?rest_route=\/wp\/v2\/users\/7"}],"replies":[{"embeddable":true,"href":"https:\/\/www.cogis2020.eval-expert.com\/index.php?rest_route=%2Fwp%2Fv2%2Fcomments&post=5"}],"version-history":[{"count":2,"href":"https:\/\/www.cogis2020.eval-expert.com\/index.php?rest_route=\/wp\/v2\/pages\/5\/revisions"}],"predecessor-version":[{"id":5556,"href":"https:\/\/www.cogis2020.eval-expert.com\/index.php?rest_route=\/wp\/v2\/pages\/5\/revisions\/5556"}],"wp:attachment":[{"href":"https:\/\/www.cogis2020.eval-expert.com\/index.php?rest_route=%2Fwp%2Fv2%2Fmedia&parent=5"}],"curies":[{"name":"wp","href":"https:\/\/api.w.org\/{rel}","templated":true}]}}